{"id":971,"date":"2022-06-11T16:48:00","date_gmt":"2022-06-11T14:48:00","guid":{"rendered":"https:\/\/corpus-institute.com\/?page_id=971"},"modified":"2023-05-26T16:43:07","modified_gmt":"2023-05-26T16:43:07","slug":"evenementiel","status":"publish","type":"page","link":"https:\/\/corpus-institute.com\/en\/evenementiel\/","title":{"rendered":"Event"},"content":{"rendered":"<section class=\"wpb-content-wrapper\"><div class=\"vc_row wpb_row vc_row-fluid\"><div class=\"wpb_column vc_column_container vc_col-sm-12 sc_layouts_column_icons_position_left\"><div class=\"vc_column-inner\"><div class=\"wpb_wrapper\"><div class=\"vc_empty_space  height_huge\"   style=\"height: 32px\"><span class=\"vc_empty_space_inner\"><\/span><\/div><div  id=\"sc_promo_1634934566\" \n\tclass=\"sc_promo sc_promo_default sc_promo_size_normal sc_promo_no_paddings sc_promo_image_fit sc_promo_image_position_right\"><div class=\"sc_promo_image\" style=\"background-image:url(https:\/\/corpus-institute.com\/wp-content\/uploads\/2022\/06\/services-thumb.jpg);width:40%;right: 0;\"><\/div><div class=\"sc_promo_text\" style=\"width: 60%;float: left;\">\n\t\t\t<div class=\"sc_promo_text_inner\" style=\"\"><h1 class=\"sc_item_title sc_promo_title sc_align_left sc_item_title_style_default sc_item_title_tag\">A multilingual event team at your service<\/h1><div class=\"sc_item_descr sc_promo_descr sc_align_left\">At Corpus Institute, we provide you with experienced multilingual event staff (hostesses, hosts, guides, or others) to meet your needs in terms of human resources. For your promotional and trade shows, conferences and seminars, and other international events, do not hesitate to contact us. We will be delighted to assist you all the way.<br \/><br \/>\nNo matter the type of colors and challenges associated with your event, our team of dynamic and highly professional young men and ladies is ready to join you as your brand ambassadors throughout the process.<br \/><br \/>\nFill out this form to get a free quote. You can also send an email with your contacts to info@Corpus-institute.com or call + 225 05 56 31 29 71 to discuss your specific needs with a sales representative.<\/div><\/div>\n\t\t<\/div><!-- \/.sc_promo_text --><\/div><!-- \/.sc_promo --><div class=\"vc_empty_space  height_huge\"   style=\"height: 32px\"><span class=\"vc_empty_space_inner\"><\/span><\/div><\/div><\/div><\/div><\/div><div data-vc-full-width=\"true\" data-vc-full-width-init=\"false\" class=\"vc_row wpb_row vc_row-fluid vc_custom_1670335825039 vc_row-has-fill scheme_dark\"><div class=\"wpb_column vc_column_container vc_col-sm-12 sc_layouts_column_icons_position_left\"><div class=\"vc_column-inner\"><div class=\"wpb_wrapper\"><div class=\"vc_empty_space  height_huge\"   style=\"height: 32px\"><span class=\"vc_empty_space_inner\"><\/span><\/div><div class=\"vc_row wpb_row vc_inner vc_row-fluid\"><div class=\"wpb_column vc_column_container vc_col-sm-5 sc_layouts_column_icons_position_left\"><div class=\"vc_column-inner\"><div class=\"wpb_wrapper\"><div  id=\"sc_action_861049000\" \n\tclass=\"sc_action sc_action_default\"><div class=\"sc_action_content sc_item_content\"><div class=\"sc_action_item sc_action_item_default sc_action_item_ml\">\n\t\t\t<h3 class=\"sc_action_item_title\"><span>Contact us<\/span><\/h3><div class=\"sc_action_item_description\"><span>Abidjan Cocody<\/span><span>+225 05 56 31 29 71<\/span><span>info@corpus-institute.com<\/span><\/div><a href=\"http:\/\/corpus-institute.com\/index.php\/contacts\/\" class=\"sc_action_item_link\">Contact us<\/a><\/div><\/div><\/div><!-- \/.sc_action --><\/div><\/div><\/div><div class=\"wpb_column vc_column_container vc_col-sm-7 vc_col-has-fill sc_layouts_column_icons_position_left\"><div class=\"vc_column-inner vc_custom_1670335884226\"><div class=\"wpb_wrapper\">\n\t<div class=\"wpb_text_column wpb_content_element\" >\n\t\t<div class=\"wpb_wrapper\">\n\t\t\t<h2><span style=\"color: #222446;\"><br \/>\nRequest Form<\/span><\/h2>\n\n\t\t<\/div>\n\t<\/div>\n\n<div class=\"wpcf7 no-js\" id=\"wpcf7-f336-o1\" lang=\"en-US\" dir=\"ltr\">\n<div class=\"screen-reader-response\"><p role=\"status\" aria-live=\"polite\" aria-atomic=\"true\"><\/p> <ul><\/ul><\/div>\n<form action=\"\/en\/wp-json\/wp\/v2\/pages\/971#wpcf7-f336-o1\" method=\"post\" class=\"wpcf7-form init\" aria-label=\"Contact form\" enctype=\"multipart\/form-data\" novalidate=\"novalidate\" data-status=\"init\" data-trp-original-action=\"\/en\/wp-json\/wp\/v2\/pages\/971#wpcf7-f336-o1\">\n<div style=\"display: none;\">\n<input type=\"hidden\" name=\"_wpcf7\" value=\"336\" \/>\n<input type=\"hidden\" name=\"_wpcf7_version\" value=\"5.7.6\" \/>\n<input type=\"hidden\" name=\"_wpcf7_locale\" value=\"en_US\" \/>\n<input type=\"hidden\" name=\"_wpcf7_unit_tag\" value=\"wpcf7-f336-o1\" \/>\n<input type=\"hidden\" name=\"_wpcf7_container_post\" value=\"0\" \/>\n<input type=\"hidden\" name=\"_wpcf7_posted_data_hash\" value=\"\" \/>\n<\/div>\n<div class=\"trx_addons_columns_wrap\">\n\t<div class=\"trx_addons_column-1_2\">\n\t\t<p><label><span class=\"wpcf7-form-control-wrap\" data-name=\"fname\"><input size=\"40\" class=\"wpcf7-form-control wpcf7-text wpcf7-validates-as-required\" aria-required=\"true\" aria-invalid=\"false\" placeholder=\"Name &amp; Surnames\" value=\"\" type=\"text\" name=\"fname\" \/><\/span><\/label>\n\t\t<\/p>\n\t<\/div>\n\t<div class=\"trx_addons_column-1_2\">\n\t\t<p><label><span class=\"wpcf7-form-control-wrap\" data-name=\"phone\"><input size=\"40\" class=\"wpcf7-form-control wpcf7-text wpcf7-tel wpcf7-validates-as-tel\" aria-invalid=\"false\" placeholder=\"Phone Number\" value=\"\" type=\"tel\" name=\"phone\" \/><\/span><\/label>\n\t\t<\/p>\n\t<\/div>\n\t<div class=\"trx_addons_column-1_2\">\n\t\t<p><label><span class=\"wpcf7-form-control-wrap\" data-name=\"objet\"><input size=\"40\" class=\"wpcf7-form-control wpcf7-text wpcf7-validates-as-required\" aria-required=\"true\" aria-invalid=\"false\" placeholder=\"Subject\" value=\"\" type=\"text\" name=\"objet\" \/><\/span><\/label>\n\t\t<\/p>\n\t<\/div>\n<\/div>\n<p><label><span class=\"wpcf7-form-control-wrap\" data-name=\"notes\"><textarea cols=\"40\" rows=\"10\" class=\"wpcf7-form-control wpcf7-textarea\" aria-invalid=\"false\" placeholder=\"Your message\" name=\"notes\"><\/textarea><\/span><\/label>\n<\/p>\n<div class=\"super-select clear\">\n\t<p><label><span class=\"wpcf7-form-control-wrap\" data-name=\"select-file\"><input size=\"40\" class=\"wpcf7-form-control wpcf7-file\" id=\"super\" accept=\"audio\/*,video\/*,image\/*\" aria-invalid=\"false\" type=\"file\" name=\"select-file\" \/><\/span><\/label>\n\t<\/p>\n\t<div>\n\t\t<p>Joindre votre CV\n\t\t<\/p>\n\t<\/div>\n\t<div id=\"fname\">\n\t<\/div>\n<\/div>\n<p><input class=\"wpcf7-form-control has-spinner wpcf7-submit\" type=\"submit\" value=\"Send\" \/>\n<\/p><div class=\"wpcf7-response-output\" aria-hidden=\"true\"><\/div>\n<input type=\"hidden\" name=\"trp-form-language\" value=\"en\"\/><\/form>\n<\/div>\n<\/div><\/div><\/div><\/div><div class=\"vc_empty_space  height_medium\"   style=\"height: 32px\"><span class=\"vc_empty_space_inner\"><\/span><\/div><\/div><\/div><\/div><\/div><div class=\"vc_row-full-width vc_clearfix\"><\/div>\n<\/section>","protected":false},"excerpt":{"rendered":"Personnel \u00e9v\u00e8nementiel multilingueCorpus Institute met \u00e0 votre disposition un personnel \u00e9v\u00e8nementiel multilingue (h\u00f4tesses, h\u00f4tes, guides ou autres) exp\u00e9riment\u00e9 pour r\u00e9pondre \u00e0 vos besoins d'accueil bilingue ou multilingue. Pour vos salons promotionnels et commerciaux, conf\u00e9rences et s\u00e9minaires et autres \u00e9v\u00e9nements internationaux, n\u2019h\u00e9sitez pas \u00e0 nous contacter car nous serons ravis de vous accompagner jusqu\u2019au bout. Peu importe le style et le&hellip;","protected":false},"author":1,"featured_media":0,"parent":0,"menu_order":0,"comment_status":"closed","ping_status":"closed","template":"","meta":{"footnotes":""},"class_list":["post-971","page","type-page","status-publish","hentry"],"_links":{"self":[{"href":"https:\/\/corpus-institute.com\/en\/wp-json\/wp\/v2\/pages\/971","targetHints":{"allow":["GET"]}}],"collection":[{"href":"https:\/\/corpus-institute.com\/en\/wp-json\/wp\/v2\/pages"}],"about":[{"href":"https:\/\/corpus-institute.com\/en\/wp-json\/wp\/v2\/types\/page"}],"author":[{"embeddable":true,"href":"https:\/\/corpus-institute.com\/en\/wp-json\/wp\/v2\/users\/1"}],"replies":[{"embeddable":true,"href":"https:\/\/corpus-institute.com\/en\/wp-json\/wp\/v2\/comments?post=971"}],"version-history":[{"count":13,"href":"https:\/\/corpus-institute.com\/en\/wp-json\/wp\/v2\/pages\/971\/revisions"}],"predecessor-version":[{"id":1659,"href":"https:\/\/corpus-institute.com\/en\/wp-json\/wp\/v2\/pages\/971\/revisions\/1659"}],"wp:attachment":[{"href":"https:\/\/corpus-institute.com\/en\/wp-json\/wp\/v2\/media?parent=971"}],"curies":[{"name":"wp","href":"https:\/\/api.w.org\/{rel}","templated":true}]}}