{"id":659,"date":"2018-02-06T14:15:39","date_gmt":"2018-02-06T13:15:39","guid":{"rendered":"https:\/\/corpus-institute.com\/?page_id=659"},"modified":"2023-01-30T11:04:35","modified_gmt":"2023-01-30T11:04:35","slug":"langues","status":"publish","type":"page","link":"https:\/\/corpus-institute.com\/en\/langues\/","title":{"rendered":"Languages"},"content":{"rendered":"<section class=\"wpb-content-wrapper\"><div class=\"vc_row wpb_row vc_row-fluid\"><div class=\"wpb_column vc_column_container vc_col-sm-12 sc_layouts_column_icons_position_left\"><div class=\"vc_column-inner\"><div class=\"wpb_wrapper\"><div class=\"vc_empty_space  height_large\"   style=\"height: 32px\"><span class=\"vc_empty_space_inner\"><\/span><\/div><\/div><\/div><\/div><\/div><div class=\"vc_row wpb_row vc_row-fluid\"><div class=\"wpb_column vc_column_container vc_col-sm-12 sc_layouts_column_icons_position_left\"><div class=\"vc_column-inner\"><div class=\"wpb_wrapper\"><div id=\"sc_title_1986535480\"\n\t\tclass=\"sc_title sc_title_default\"><h3 class=\"sc_item_title sc_title_title sc_align_center sc_item_title_style_default\">LANGUAGES<\/h3><div class=\"sc_item_descr sc_title_descr sc_align_center\">Thanks to our global network of translators, Corpus Institute translates from and into more than 100 languages, including the following languages:<\/div><\/div><!-- \/.sc_title --><div id=\"sc_table_1983749783_wrap\" class=\"sc_table_wrap\"><div id=\"sc_table_1983749783\"\n\t\t\tclass=\"sc_table sc_table_default\" style=\"width:100%;\">\n\t<div class=\"wpb_text_column wpb_content_element\" >\n\t\t<div class=\"wpb_wrapper\">\n\t\t\t<table summary=\"Table example\" cellspacing=\"0\">\n<tbody>\n<tr>\n<th>A \u2013 F<\/th>\n<th>G-K<\/th>\n<th>L-S<\/th>\n<th>T-Z<\/th>\n<\/tr>\n<tr>\n<td style=\"text-align: center;\">ALBANIAN<\/td>\n<td style=\"text-align: center;\">GREEK<\/td>\n<td style=\"text-align: center;\">LATVIAN<\/td>\n<td style=\"text-align: center;\">TAGALOG<\/td>\n<\/tr>\n<tr>\n<td style=\"text-align: center;\">ARABIC<\/td>\n<td style=\"text-align: center;\">HEBREW<\/td>\n<td style=\"text-align: center;\">LINGALA<\/td>\n<td style=\"text-align: center;\">THAI<\/td>\n<\/tr>\n<tr>\n<td style=\"text-align: center;\">ARAMEAN<\/td>\n<td style=\"text-align: center;\">HINDI<\/td>\n<td style=\"text-align: center;\">NORWEGIAN<\/td>\n<td style=\"text-align: center;\">TURKISH<\/td>\n<\/tr>\n<tr>\n<td style=\"text-align: center;\">ARMENIAN<\/td>\n<td style=\"text-align: center;\">HUNGARIAN<\/td>\n<td style=\"text-align: center;\">LITHUANIAN<\/td>\n<td style=\"text-align: center;\">UKRAINIAN<\/td>\n<\/tr>\n<tr>\n<td style=\"text-align: center;\">BULGARIAN<\/td>\n<td style=\"text-align: center;\">ITALIAN<\/td>\n<td style=\"text-align: center;\">MALAYALAM<\/td>\n<td style=\"text-align: center;\">URDU<\/td>\n<\/tr>\n<tr>\n<td style=\"text-align: center;\">CHINESE<\/td>\n<td style=\"text-align: center;\">JAPANESE<\/td>\n<td style=\"text-align: center;\">MARATHI<\/td>\n<td style=\"text-align: center;\">VIETNAMESE<\/td>\n<\/tr>\n<tr>\n<td style=\"text-align: center;\">CZECH<\/td>\n<td style=\"text-align: center;\">KANURI<\/td>\n<td style=\"text-align: center;\">POLISH<\/td>\n<td style=\"text-align: center;\">WELSH<\/td>\n<\/tr>\n<tr>\n<td style=\"text-align: center;\">DANISH<\/td>\n<td style=\"text-align: center;\">KARELIAN<\/td>\n<td style=\"text-align: center;\">PORTUGUESE<\/td>\n<td style=\"text-align: center;\">XHOSA<\/td>\n<\/tr>\n<tr>\n<td style=\"text-align: center;\">DUTCH<\/td>\n<td style=\"text-align: center;\">KIRUNDI<\/td>\n<td style=\"text-align: center;\">RUSSIAN<\/td>\n<td style=\"text-align: center;\">ZULU<\/td>\n<\/tr>\n<tr>\n<td style=\"text-align: center;\">FINNISH<\/td>\n<td style=\"text-align: center;\">KISSI<\/td>\n<td style=\"text-align: center;\">SLOVAK<\/td>\n<td style=\"text-align: center;\">OTHER LANGUAGES<\/td>\n<\/tr>\n<tr>\n<td style=\"text-align: center;\">FLEMISH<\/td>\n<td style=\"text-align: center;\">KOREAN<\/td>\n<td style=\"text-align: center;\">SPANISH<\/td>\n<td style=\"text-align: center;\">OTHER AFRICAN LANGUAGES<\/td>\n<\/tr>\n<tr>\n<td style=\"text-align: center;\">FRENCH<\/td>\n<td style=\"text-align: center;\">KYRGYZ<\/td>\n<td style=\"text-align: center;\">SWEDISH<\/td>\n<td style=\"text-align: center;\"><\/td>\n<\/tr>\n<\/tbody>\n<\/table>\n<p><strong>* This list is not exhaustive. If the desired target and\/or source language is not on this list, please specify the language on your Quote Request Form. A sales representative will contact you as soon as possible.<\/strong><\/p>\n\n\t\t<\/div>\n\t<\/div>\n<\/div><\/div><!-- \/.sc_table_wrap --><\/div><\/div><\/div><\/div>\n<\/section>","protected":false},"excerpt":{"rendered":"LANGUESGr\u00e2ce \u00e0 notre r\u00e9seau international de traducteurs pr\u00e9sents aux quatre coins du monde, Corpus Institute traduit \u00e0 partir de et vers plus de 100 langues parmi lesquelles figurent celles-ci : A - F G-K L-S T-Z ALBANAIS GREC LATVIEN TAGALOG ARABE HEBREU LINGALA THAI ARAMEEN HINDI NOVEGIEN TURC ARMENIEN HONGROIS LITUANIEN UKRAINIEN BULGARE ITALIEN MALAYALAM OURDOU CHINOIS JAPONAIS MARATHI VIETNAMIEN&hellip;","protected":false},"author":1,"featured_media":0,"parent":0,"menu_order":0,"comment_status":"closed","ping_status":"closed","template":"","meta":{"footnotes":""},"class_list":["post-659","page","type-page","status-publish","hentry"],"_links":{"self":[{"href":"https:\/\/corpus-institute.com\/en\/wp-json\/wp\/v2\/pages\/659","targetHints":{"allow":["GET"]}}],"collection":[{"href":"https:\/\/corpus-institute.com\/en\/wp-json\/wp\/v2\/pages"}],"about":[{"href":"https:\/\/corpus-institute.com\/en\/wp-json\/wp\/v2\/types\/page"}],"author":[{"embeddable":true,"href":"https:\/\/corpus-institute.com\/en\/wp-json\/wp\/v2\/users\/1"}],"replies":[{"embeddable":true,"href":"https:\/\/corpus-institute.com\/en\/wp-json\/wp\/v2\/comments?post=659"}],"version-history":[{"count":6,"href":"https:\/\/corpus-institute.com\/en\/wp-json\/wp\/v2\/pages\/659\/revisions"}],"predecessor-version":[{"id":1428,"href":"https:\/\/corpus-institute.com\/en\/wp-json\/wp\/v2\/pages\/659\/revisions\/1428"}],"wp:attachment":[{"href":"https:\/\/corpus-institute.com\/en\/wp-json\/wp\/v2\/media?parent=659"}],"curies":[{"name":"wp","href":"https:\/\/api.w.org\/{rel}","templated":true}]}}