{"id":237,"date":"2017-03-13T09:31:36","date_gmt":"2017-03-13T08:31:36","guid":{"rendered":"https:\/\/corpus-institute.com\/?page_id=237"},"modified":"2022-12-06T13:57:44","modified_gmt":"2022-12-06T13:57:44","slug":"solutions-linguistiques","status":"publish","type":"page","link":"https:\/\/corpus-institute.com\/en\/solutions-linguistiques\/","title":{"rendered":"Language Solutions"},"content":{"rendered":"<section class=\"wpb-content-wrapper\"><div class=\"vc_row wpb_row vc_row-fluid\"><div class=\"wpb_column vc_column_container vc_col-sm-12 sc_layouts_column_icons_position_left\"><div class=\"vc_column-inner\"><div class=\"wpb_wrapper\"><div class=\"vc_empty_space\"   style=\"height: 115px\"><span class=\"vc_empty_space_inner\"><\/span><\/div><div id=\"sc_services_831650888\" class=\"sc_services sc_services_default\"><h3 class=\"sc_item_title sc_services_title sc_align_center sc_item_title_style_default\">Language Solutions<\/h3><div class=\"sc_services_columns sc_item_columns sc_item_columns_3 trx_addons_columns_wrap columns_padding_bottom\"><div class=\"trx_addons_column-1_3\"><div class=\"sc_services_item with_content with_icon sc_services_item_featured_top\">\n\t<a href=\"https:\/\/corpus-institute.com\/en\/services\/traduction-de-documents\/\"\n\t\t\t id=\"sc_services_831650888_icon-keyboard\"\n\t\t\t class=\"sc_services_item_icon icon-keyboard\"\n\t\t\t ><\/a>\t<div class=\"sc_services_item_info\">\n\t\t<div class=\"sc_services_item_header\">\n\t\t\t<h5 class=\"sc_services_item_title\">\n\t\t\t\t\t\t\t\t<a href=\"https:\/\/corpus-institute.com\/en\/services\/traduction-de-documents\/\" class=\"sc_services_item_image_icon\"><img decoding=\"async\" src=\"\" alt=\"\"\/><\/a>\n\t\t\t\t<a href=\"https:\/\/corpus-institute.com\/en\/services\/traduction-de-documents\/\">Translation<\/a><\/h5>\n\t\t\t<div class=\"sc_services_item_subtitle\"><a href=\"https:\/\/corpus-institute.com\/en\/services_group\/nos-solutions-linguistiques\/\" title=\"View all posts in Nos Solutions Linguistiques\">Nos Solutions Linguistiques<\/a><\/div>\n\t\t<\/div>\n\t\t\t\t\t<div class=\"sc_services_item_content\"><p>Our native translators will translate your documents and texts from and into several languages using <\/p>\n<\/div>\n\t\t\t<div class=\"sc_services_item_button sc_item_button\"><a href=\"https:\/\/corpus-institute.com\/en\/services\/traduction-de-documents\/\" class=\"sc_button sc_button_default sc_button_size_normal sc_button_hover_slide_left\">Read more<\/a><\/div>\n\t\t\t<\/div>\n<\/div>\n<\/div><div class=\"trx_addons_column-1_3\"><div class=\"sc_services_item with_content with_icon sc_services_item_featured_top\">\n\t<a href=\"https:\/\/corpus-institute.com\/en\/services\/relecture-revision\/\"\n\t\t\t id=\"sc_services_831650888_icon-book\"\n\t\t\t class=\"sc_services_item_icon icon-book\"\n\t\t\t ><\/a>\t<div class=\"sc_services_item_info\">\n\t\t<div class=\"sc_services_item_header\">\n\t\t\t<h5 class=\"sc_services_item_title\">\n\t\t\t\t\t\t\t\t<a href=\"https:\/\/corpus-institute.com\/en\/services\/relecture-revision\/\" class=\"sc_services_item_image_icon\"><img decoding=\"async\" src=\"\" alt=\"\"\/><\/a>\n\t\t\t\t<a href=\"https:\/\/corpus-institute.com\/en\/services\/relecture-revision\/\">Proofreading &amp; Editing<\/a><\/h5>\n\t\t\t<div class=\"sc_services_item_subtitle\"><a href=\"https:\/\/corpus-institute.com\/en\/services_group\/nos-solutions-linguistiques\/\" title=\"View all posts in Nos Solutions Linguistiques\">Nos Solutions Linguistiques<\/a><\/div>\n\t\t<\/div>\n\t\t\t\t\t<div class=\"sc_services_item_content\"><p>At Corpus Institute, we value these tasks which are crucial for completing the writing process.<\/p>\n<\/div>\n\t\t\t<div class=\"sc_services_item_button sc_item_button\"><a href=\"https:\/\/corpus-institute.com\/en\/services\/relecture-revision\/\" class=\"sc_button sc_button_default sc_button_size_normal sc_button_hover_slide_left\">Read more<\/a><\/div>\n\t\t\t<\/div>\n<\/div>\n<\/div><div class=\"trx_addons_column-1_3\"><div class=\"sc_services_item with_content with_icon sc_services_item_featured_top\">\n\t<a href=\"https:\/\/corpus-institute.com\/en\/services\/localisation\/\"\n\t\t\t id=\"sc_services_831650888_icon-location\"\n\t\t\t class=\"sc_services_item_icon icon-location\"\n\t\t\t ><\/a>\t<div class=\"sc_services_item_info\">\n\t\t<div class=\"sc_services_item_header\">\n\t\t\t<h5 class=\"sc_services_item_title\">\n\t\t\t\t\t\t\t\t<a href=\"https:\/\/corpus-institute.com\/en\/services\/localisation\/\" class=\"sc_services_item_image_icon\"><img decoding=\"async\" src=\"\" alt=\"\"\/><\/a>\n\t\t\t\t<a href=\"https:\/\/corpus-institute.com\/en\/services\/localisation\/\">Localization<\/a><\/h5>\n\t\t\t<div class=\"sc_services_item_subtitle\"><a href=\"https:\/\/corpus-institute.com\/en\/services_group\/nos-solutions-linguistiques\/\" title=\"View all posts in Nos Solutions Linguistiques\">Nos Solutions Linguistiques<\/a><\/div>\n\t\t<\/div>\n\t\t\t\t\t<div class=\"sc_services_item_content\"><p>Localization is the process of adapting a text to a specific region or culture.<\/p>\n<\/div>\n\t\t\t<div class=\"sc_services_item_button sc_item_button\"><a href=\"https:\/\/corpus-institute.com\/en\/services\/localisation\/\" class=\"sc_button sc_button_default sc_button_size_normal sc_button_hover_slide_left\">Read more<\/a><\/div>\n\t\t\t<\/div>\n<\/div>\n<\/div><div class=\"trx_addons_column-1_3\"><div class=\"sc_services_item with_content with_icon sc_services_item_featured_top\">\n\t<a href=\"https:\/\/corpus-institute.com\/en\/services\/transcreation\/\"\n\t\t\t id=\"sc_services_831650888_icon-desktop\"\n\t\t\t class=\"sc_services_item_icon icon-desktop\"\n\t\t\t ><\/a>\t<div class=\"sc_services_item_info\">\n\t\t<div class=\"sc_services_item_header\">\n\t\t\t<h5 class=\"sc_services_item_title\">\n\t\t\t\t\t\t\t\t<a href=\"https:\/\/corpus-institute.com\/en\/services\/transcreation\/\" class=\"sc_services_item_image_icon\"><img decoding=\"async\" src=\"\" alt=\"\"\/><\/a>\n\t\t\t\t<a href=\"https:\/\/corpus-institute.com\/en\/services\/transcreation\/\">Transcreation<\/a><\/h5>\n\t\t\t<div class=\"sc_services_item_subtitle\"><a href=\"https:\/\/corpus-institute.com\/en\/services_group\/nos-solutions-linguistiques\/\" title=\"View all posts in Nos Solutions Linguistiques\">Nos Solutions Linguistiques<\/a><\/div>\n\t\t<\/div>\n\t\t\t\t\t<div class=\"sc_services_item_content\"><p>At Corpus Institute, we know how to adapt your brand\u2019s messages to the target languages.<\/p>\n<\/div>\n\t\t\t<div class=\"sc_services_item_button sc_item_button\"><a href=\"https:\/\/corpus-institute.com\/en\/services\/transcreation\/\" class=\"sc_button sc_button_default sc_button_size_normal sc_button_hover_slide_left\">Read more<\/a><\/div>\n\t\t\t<\/div>\n<\/div>\n<\/div><div class=\"trx_addons_column-1_3\"><div class=\"sc_services_item with_content with_icon sc_services_item_featured_top\">\n\t<a href=\"https:\/\/corpus-institute.com\/en\/services\/transcription-sous-titrage\/\"\n\t\t\t id=\"sc_services_831650888_icon-pencil\"\n\t\t\t class=\"sc_services_item_icon icon-pencil\"\n\t\t\t ><\/a>\t<div class=\"sc_services_item_info\">\n\t\t<div class=\"sc_services_item_header\">\n\t\t\t<h5 class=\"sc_services_item_title\">\n\t\t\t\t\t\t\t\t<a href=\"https:\/\/corpus-institute.com\/en\/services\/transcription-sous-titrage\/\" class=\"sc_services_item_image_icon\"><img decoding=\"async\" src=\"\" alt=\"\"\/><\/a>\n\t\t\t\t<a href=\"https:\/\/corpus-institute.com\/en\/services\/transcription-sous-titrage\/\">Transcription &amp; Subtitling<\/a><\/h5>\n\t\t\t<div class=\"sc_services_item_subtitle\"><a href=\"https:\/\/corpus-institute.com\/en\/services_group\/nos-solutions-linguistiques\/\" title=\"View all posts in Nos Solutions Linguistiques\">Nos Solutions Linguistiques<\/a><\/div>\n\t\t<\/div>\n\t\t\t\t\t<div class=\"sc_services_item_content\"><p>Whether you need to convert audio content into written text and then translate<\/p>\n<\/div>\n\t\t\t<div class=\"sc_services_item_button sc_item_button\"><a href=\"https:\/\/corpus-institute.com\/en\/services\/transcription-sous-titrage\/\" class=\"sc_button sc_button_default sc_button_size_normal sc_button_hover_slide_left\">Read more<\/a><\/div>\n\t\t\t<\/div>\n<\/div>\n<\/div><div class=\"trx_addons_column-1_3\"><div class=\"sc_services_item with_content with_icon sc_services_item_featured_top\">\n\t<a href=\"https:\/\/corpus-institute.com\/en\/services\/interpretation\/\"\n\t\t\t id=\"sc_services_831650888_icon-megaphone-light\"\n\t\t\t class=\"sc_services_item_icon icon-megaphone-light\"\n\t\t\t ><\/a>\t<div class=\"sc_services_item_info\">\n\t\t<div class=\"sc_services_item_header\">\n\t\t\t<h5 class=\"sc_services_item_title\">\n\t\t\t\t\t\t\t\t<a href=\"https:\/\/corpus-institute.com\/en\/services\/interpretation\/\" class=\"sc_services_item_image_icon\"><img decoding=\"async\" src=\"\" alt=\"\"\/><\/a>\n\t\t\t\t<a href=\"https:\/\/corpus-institute.com\/en\/services\/interpretation\/\">Interpretation<\/a><\/h5>\n\t\t\t<div class=\"sc_services_item_subtitle\"><a href=\"https:\/\/corpus-institute.com\/en\/services_group\/nos-solutions-linguistiques\/\" title=\"View all posts in Nos Solutions Linguistiques\">Nos Solutions Linguistiques<\/a><\/div>\n\t\t<\/div>\n\t\t\t\t\t<div class=\"sc_services_item_content\"><p>There are several forms of interpretation, the most common of which are simultaneous <\/p>\n<\/div>\n\t\t\t<div class=\"sc_services_item_button sc_item_button\"><a href=\"https:\/\/corpus-institute.com\/en\/services\/interpretation\/\" class=\"sc_button sc_button_default sc_button_size_normal sc_button_hover_slide_left\">Read more<\/a><\/div>\n\t\t\t<\/div>\n<\/div>\n<\/div><\/div><\/div><!-- \/.sc_services --><div class=\"vc_empty_space  height_huge\"   style=\"height: 32px\"><span class=\"vc_empty_space_inner\"><\/span><\/div><\/div><\/div><\/div><\/div><div data-vc-full-width=\"true\" data-vc-full-width-init=\"false\" class=\"vc_row wpb_row vc_row-fluid vc_custom_1670334875820 vc_row-has-fill scheme_dark\"><div class=\"wpb_column vc_column_container vc_col-sm-12 sc_layouts_column_icons_position_left\"><div class=\"vc_column-inner\"><div class=\"wpb_wrapper\"><div class=\"vc_empty_space  height_huge\"   style=\"height: 32px\"><span class=\"vc_empty_space_inner\"><\/span><\/div><div class=\"vc_row wpb_row vc_inner vc_row-fluid\"><div class=\"wpb_column vc_column_container vc_col-sm-2\/5 sc_layouts_column_icons_position_left\"><div class=\"vc_column-inner\"><div class=\"wpb_wrapper\"><div  id=\"sc_action_567109457\" \n\tclass=\"sc_action sc_action_default\"><div class=\"sc_action_content sc_item_content\"><div class=\"sc_action_item sc_action_item_default sc_action_item_ml\">\n\t\t\t<div class=\"sc_action_item_image\"><img loading=\"lazy\" decoding=\"async\" src=\"https:\/\/corpus-institute.com\/wp-content\/uploads\/2017\/03\/GLOBAL-CONTACT_512x512-370x370.png\" alt=\"\" width=\"370\" height=\"370\"><\/div><h3 class=\"sc_action_item_title\"><span>Contact us<\/span><\/h3><div class=\"sc_action_item_description\"><span>Abidjan Cocody<\/span><span>+225 05 56 31 29 71<\/span><span>info@corpus-institute.com<\/span><\/div><a href=\"http:\/\/corpus-institute.com\/index.php\/contacts\/\" class=\"sc_action_item_link\">Contact us<\/a><\/div><\/div><\/div><!-- \/.sc_action --><\/div><\/div><\/div><div class=\"wpb_column vc_column_container vc_col-sm-3\/5 vc_col-has-fill sc_layouts_column_icons_position_left\"><div class=\"vc_column-inner vc_custom_1670334501434\"><div class=\"wpb_wrapper\">\n\t<div class=\"wpb_text_column wpb_content_element\" >\n\t\t<div class=\"wpb_wrapper\">\n\t\t\t<h2><span style=\"color: #222446;\"><br>Request Form<\/span><\/h2>\n\n\t\t<\/div>\n\t<\/div>\n\n<div class=\"wpcf7 no-js\" id=\"wpcf7-f336-o1\" lang=\"en-US\" dir=\"ltr\">\n<div class=\"screen-reader-response\"><p role=\"status\" aria-live=\"polite\" aria-atomic=\"true\"><\/p> <ul><\/ul><\/div>\n<form action=\"\/en\/wp-json\/wp\/v2\/pages\/237#wpcf7-f336-o1\" method=\"post\" class=\"wpcf7-form init\" aria-label=\"Contact form\" enctype=\"multipart\/form-data\" novalidate=\"novalidate\" data-status=\"init\" data-trp-original-action=\"\/en\/wp-json\/wp\/v2\/pages\/237#wpcf7-f336-o1\">\n<div style=\"display: none;\">\n<input type=\"hidden\" name=\"_wpcf7\" value=\"336\" \/>\n<input type=\"hidden\" name=\"_wpcf7_version\" value=\"5.7.6\" \/>\n<input type=\"hidden\" name=\"_wpcf7_locale\" value=\"en_US\" \/>\n<input type=\"hidden\" name=\"_wpcf7_unit_tag\" value=\"wpcf7-f336-o1\" \/>\n<input type=\"hidden\" name=\"_wpcf7_container_post\" value=\"0\" \/>\n<input type=\"hidden\" name=\"_wpcf7_posted_data_hash\" value=\"\" \/>\n<\/div>\n<div class=\"trx_addons_columns_wrap\">\n\t<div class=\"trx_addons_column-1_2\">\n\t\t<p><label><span class=\"wpcf7-form-control-wrap\" data-name=\"fname\"><input size=\"40\" class=\"wpcf7-form-control wpcf7-text wpcf7-validates-as-required\" aria-required=\"true\" aria-invalid=\"false\" placeholder=\"Name &amp; Surnames\" value=\"\" type=\"text\" name=\"fname\" \/><\/span><\/label>\n\t\t<\/p>\n\t<\/div>\n\t<div class=\"trx_addons_column-1_2\">\n\t\t<p><label><span class=\"wpcf7-form-control-wrap\" data-name=\"phone\"><input size=\"40\" class=\"wpcf7-form-control wpcf7-text wpcf7-tel wpcf7-validates-as-tel\" aria-invalid=\"false\" placeholder=\"Phone Number\" value=\"\" type=\"tel\" name=\"phone\" \/><\/span><\/label>\n\t\t<\/p>\n\t<\/div>\n\t<div class=\"trx_addons_column-1_2\">\n\t\t<p><label><span class=\"wpcf7-form-control-wrap\" data-name=\"objet\"><input size=\"40\" class=\"wpcf7-form-control wpcf7-text wpcf7-validates-as-required\" aria-required=\"true\" aria-invalid=\"false\" placeholder=\"Subject\" value=\"\" type=\"text\" name=\"objet\" \/><\/span><\/label>\n\t\t<\/p>\n\t<\/div>\n<\/div>\n<p><label><span class=\"wpcf7-form-control-wrap\" data-name=\"notes\"><textarea cols=\"40\" rows=\"10\" class=\"wpcf7-form-control wpcf7-textarea\" aria-invalid=\"false\" placeholder=\"Your message\" name=\"notes\"><\/textarea><\/span><\/label>\n<\/p>\n<div class=\"super-select clear\">\n\t<p><label><span class=\"wpcf7-form-control-wrap\" data-name=\"select-file\"><input size=\"40\" class=\"wpcf7-form-control wpcf7-file\" id=\"super\" accept=\"audio\/*,video\/*,image\/*\" aria-invalid=\"false\" type=\"file\" name=\"select-file\" \/><\/span><\/label>\n\t<\/p>\n\t<div>\n\t\t<p>Joindre votre CV\n\t\t<\/p>\n\t<\/div>\n\t<div id=\"fname\">\n\t<\/div>\n<\/div>\n<p><input class=\"wpcf7-form-control has-spinner wpcf7-submit\" type=\"submit\" value=\"Send\" \/>\n<\/p><div class=\"wpcf7-response-output\" aria-hidden=\"true\"><\/div>\n<input type=\"hidden\" name=\"trp-form-language\" value=\"en\"\/><\/form>\n<\/div>\n<\/div><\/div><\/div><\/div><div class=\"vc_empty_space  height_huge\"   style=\"height: 32px\"><span class=\"vc_empty_space_inner\"><\/span><\/div><\/div><\/div><\/div><\/div><div class=\"vc_row-full-width vc_clearfix\"><\/div>\n<\/section>","protected":false},"excerpt":{"rendered":"Il existe plusieurs formes d\u2019interpr\u00e9tations dont les plus usit\u00e9es sont l\u2019interpr\u00e9tation simultan\u00e9e et l\u2019interpr\u00e9tation cons\u00e9cutive. La premi\u00e8re consiste \u00e0 traduire oralement et de fa\u00e7on simultan\u00e9e les parole d\u2019un orateur. La seconde consiste \u00e0 traduire oralement \u00e0 la suite de l\u2019orateur d\u00e8s que celui-ci arr\u00eate de parler. A c\u00f4t\u00e9 de ces deux types d\u2019interpr\u00e9tations, nous distinguons aussi l\u2019interpr\u00e9tation de liaison ou&hellip;","protected":false},"author":1,"featured_media":0,"parent":0,"menu_order":0,"comment_status":"closed","ping_status":"closed","template":"","meta":{"footnotes":""},"class_list":["post-237","page","type-page","status-publish","hentry"],"_links":{"self":[{"href":"https:\/\/corpus-institute.com\/en\/wp-json\/wp\/v2\/pages\/237","targetHints":{"allow":["GET"]}}],"collection":[{"href":"https:\/\/corpus-institute.com\/en\/wp-json\/wp\/v2\/pages"}],"about":[{"href":"https:\/\/corpus-institute.com\/en\/wp-json\/wp\/v2\/types\/page"}],"author":[{"embeddable":true,"href":"https:\/\/corpus-institute.com\/en\/wp-json\/wp\/v2\/users\/1"}],"replies":[{"embeddable":true,"href":"https:\/\/corpus-institute.com\/en\/wp-json\/wp\/v2\/comments?post=237"}],"version-history":[{"count":9,"href":"https:\/\/corpus-institute.com\/en\/wp-json\/wp\/v2\/pages\/237\/revisions"}],"predecessor-version":[{"id":1426,"href":"https:\/\/corpus-institute.com\/en\/wp-json\/wp\/v2\/pages\/237\/revisions\/1426"}],"wp:attachment":[{"href":"https:\/\/corpus-institute.com\/en\/wp-json\/wp\/v2\/media?parent=237"}],"curies":[{"name":"wp","href":"https:\/\/api.w.org\/{rel}","templated":true}]}}